{"id":25,"date":"2016-01-08T20:45:46","date_gmt":"2016-01-08T19:45:46","guid":{"rendered":"http:\/\/musikverein-uelsen.de\/wordpress\/?page_id=25"},"modified":"2020-04-01T11:47:40","modified_gmt":"2020-04-01T10:47:40","slug":"mitgliedschaft","status":"publish","type":"page","link":"https:\/\/musikverein-uelsen.de\/wordpress\/das-orchester\/mitgliedschaft\/","title":{"rendered":"Mitgliedschaft"},"content":{"rendered":"<div>\n<h3><i><strong>M\u00f6chten Sie \/ M\u00f6chtest Du mitmachen?<\/strong><\/i><\/h3>\n<p>______________________________________________________________________________<\/p>\n<h5><b>Aktive Mitgliedschaft<\/b><\/h5>\n<p>Sie spielen \/ Du spielst ein Blasinstrument oder Schlagzeug? Wir freuen uns jederzeit \u00fcber neue Musikerkollegen. Uns ist das Alter egal! Von Jung bis Alt, erfahrener Musiker oder Anf\u00e4nger&#8230; jeder ist Willkommen. Sprechen Sie \/ Sprich uns einfach an! F\u00fcr eine erste Kontaktaufnahme gen\u00fcgt eine Email an<br \/>\n<b>mitglieder@musikverein-uelsen.de<\/b> oder ein Anruf bei unserer Dirigentin Helga Hoogland (05941-925868)<\/p>\n<p>______________________________________________________________________________<\/p>\n<h5><b>Passive Mitgliedschaft<\/b><\/h5>\n<p>M\u00f6chten\u00a0Sie den Musikverein durch eine passive Mitgliedschaft unterst\u00fctzen?<br \/>\nWir freuen uns auf Sie. Um unserem Verein beizutreten f\u00fcllen Sie bitte nebenstehendes Dokument aus und schicken es an&#8230;<\/p>\n<p><strong>Musikverein Uelsen e.V.<br \/>\n&#8211; Mitgliederverwaltung &#8211;<br \/>\nAm Markt 2<br \/>\n49843 Uelsen<\/strong><\/p>\n<p>______________________________________________________________________________<\/p>\n<h5><b>Spende<\/b><\/h5>\n<p>Wir nehmen f\u00fcr unsere allgemein\u00fctzige Arbeit, die sich stark auf die j\u00fcngere Generation bezieht, auch gerne Spenden entgegen. Melden Sie sich diesbez\u00fcglich einfach bei unserem ersten Vorsitzenden Dirk Jacobs unter 05942 &#8211; 9898217 oder per E-Mail unter <strong>dirkjacobs@gmail.com<\/strong><\/p>\n<\/div>\n<p style=\"text-align: left;\"><img loading=\"lazy\" decoding=\"async\" class=\"alignnone size-full wp-image-137\" src=\"http:\/\/musikverein-uelsen.de\/wordpress\/wp-content\/uploads\/2016\/01\/pdf-icon.png\" alt=\"pdf-icon\" width=\"48\" height=\"48\" \/><a href=\"http:\/\/musikverein-uelsen.de\/wordpress\/wp-content\/uploads\/2020\/04\/Satzung-des-Musikvereins-Uelsen_Stand-2019.pdf\">Satzung<\/a><\/p>\n<p><a href=\"http:\/\/musikverein-uelsen.de\/wordpress\/wp-content\/uploads\/2016\/01\/SATZUNG_Musikverein_Uelsen-1.pdf\" rel=\"\"><img loading=\"lazy\" decoding=\"async\" class=\"alignnone size-full wp-image-137\" src=\"http:\/\/musikverein-uelsen.de\/wordpress\/wp-content\/uploads\/2016\/01\/pdf-icon.png\" alt=\"pdf-icon\" width=\"48\" height=\"48\" \/><\/a><a href=\"http:\/\/musikverein-uelsen.de\/wordpress\/wp-content\/uploads\/2016\/01\/BEITRAGSORDNUNG_Musikverein_Uelsen.pdf\" rel=\"\">Beitragsordnung<\/a><\/p>\n<p><a href=\"http:\/\/musikverein-uelsen.de\/wordpress\/wp-content\/uploads\/2017\/11\/Beitrittserklaerung_MusikvereinUelsen.pdf\" rel=\"\"><img loading=\"lazy\" decoding=\"async\" class=\"alignnone size-full wp-image-137\" src=\"http:\/\/musikverein-uelsen.de\/wordpress\/wp-content\/uploads\/2016\/01\/pdf-icon.png\" alt=\"pdf-icon\" width=\"48\" height=\"48\" \/><\/a><a href=\"http:\/\/musikverein-uelsen.de\/wordpress\/wp-content\/uploads\/2017\/11\/Beitrittserklaerung_MusikvereinUelsen.pdf\" rel=\"\">Beitrittserkl\u00e4rung<\/a><\/p>\n","protected":false},"excerpt":{"rendered":"<p>M\u00f6chten Sie \/ M\u00f6chtest Du mitmachen? ______________________________________________________________________________ Aktive Mitgliedschaft Sie spielen \/ Du spielst ein Blasinstrument oder Schlagzeug? Wir freuen uns jederzeit \u00fcber neue Musikerkollegen. Uns ist das Alter egal! Von Jung bis Alt, erfahrener Musiker oder Anf\u00e4nger&#8230; jeder ist Willkommen. Sprechen Sie \/ Sprich uns einfach an! F\u00fcr eine erste Kontaktaufnahme gen\u00fcgt eine Email<\/p>\n<p><a href=\"https:\/\/musikverein-uelsen.de\/wordpress\/das-orchester\/mitgliedschaft\/\" class=\"more-link themebutton\">Read More<\/a><\/p>\n","protected":false},"author":1,"featured_media":0,"parent":15,"menu_order":0,"comment_status":"closed","ping_status":"closed","template":"","meta":{"footnotes":""},"mt-event-group":[],"class_list":["post-25","page","type-page","status-publish","hentry"],"_links":{"self":[{"href":"https:\/\/musikverein-uelsen.de\/wordpress\/wp-json\/wp\/v2\/pages\/25","targetHints":{"allow":["GET"]}}],"collection":[{"href":"https:\/\/musikverein-uelsen.de\/wordpress\/wp-json\/wp\/v2\/pages"}],"about":[{"href":"https:\/\/musikverein-uelsen.de\/wordpress\/wp-json\/wp\/v2\/types\/page"}],"author":[{"embeddable":true,"href":"https:\/\/musikverein-uelsen.de\/wordpress\/wp-json\/wp\/v2\/users\/1"}],"replies":[{"embeddable":true,"href":"https:\/\/musikverein-uelsen.de\/wordpress\/wp-json\/wp\/v2\/comments?post=25"}],"version-history":[{"count":9,"href":"https:\/\/musikverein-uelsen.de\/wordpress\/wp-json\/wp\/v2\/pages\/25\/revisions"}],"predecessor-version":[{"id":1014,"href":"https:\/\/musikverein-uelsen.de\/wordpress\/wp-json\/wp\/v2\/pages\/25\/revisions\/1014"}],"up":[{"embeddable":true,"href":"https:\/\/musikverein-uelsen.de\/wordpress\/wp-json\/wp\/v2\/pages\/15"}],"wp:attachment":[{"href":"https:\/\/musikverein-uelsen.de\/wordpress\/wp-json\/wp\/v2\/media?parent=25"}],"wp:term":[{"taxonomy":"mt-event-group","embeddable":true,"href":"https:\/\/musikverein-uelsen.de\/wordpress\/wp-json\/wp\/v2\/mt-event-group?post=25"}],"curies":[{"name":"wp","href":"https:\/\/api.w.org\/{rel}","templated":true}]}}